{"id":3945,"date":"2022-12-13T23:38:28","date_gmt":"2022-12-13T22:38:28","guid":{"rendered":"https:\/\/workincompany.com\/contact\/"},"modified":"2024-04-24T11:38:17","modified_gmt":"2024-04-24T09:38:17","slug":"contact","status":"publish","type":"page","link":"https:\/\/workincompany.com\/en\/contact\/","title":{"rendered":"Contact"},"content":{"rendered":"\t\t<div data-elementor-type=\"wp-page\" data-elementor-id=\"3945\" class=\"elementor elementor-3945 elementor-72\" data-elementor-post-type=\"page\">\n\t\t\t\t<div class=\"elementor-element elementor-element-bec1113 e-flex e-con-boxed e-con e-parent\" data-id=\"bec1113\" data-element_type=\"container\" data-e-type=\"container\" data-settings=\"{&quot;background_background&quot;:&quot;classic&quot;}\">\n\t\t\t\t\t<div class=\"e-con-inner\">\n\t\t<div class=\"elementor-element elementor-element-6638b56 e-con-full e-flex e-con e-child\" data-id=\"6638b56\" data-element_type=\"container\" data-e-type=\"container\">\n\t\t\t\t<div class=\"elementor-element elementor-element-4c33785 elementor-widget__width-inherit elementor-widget elementor-widget-heading\" data-id=\"4c33785\" data-element_type=\"widget\" data-e-type=\"widget\" data-widget_type=\"heading.default\">\n\t\t\t\t<div class=\"elementor-widget-container\">\n\t\t\t\t\t<span class=\"elementor-heading-title elementor-size-default\">Are you looking for a space where you can work in Seville? Do you have any doubt?<\/span>\t\t\t\t<\/div>\n\t\t\t\t<\/div>\n\t\t\t\t<div class=\"elementor-element elementor-element-4ea43c8 elementor-widget__width-inherit elementor-widget elementor-widget-heading\" data-id=\"4ea43c8\" data-element_type=\"widget\" data-e-type=\"widget\" data-widget_type=\"heading.default\">\n\t\t\t\t<div class=\"elementor-widget-container\">\n\t\t\t\t\t<h1 class=\"elementor-heading-title elementor-size-default\" id=\"contact-us\" title=\"Contact us\">Contact us<\/h1>\t\t\t\t<\/div>\n\t\t\t\t<\/div>\n\t\t\t\t<div class=\"elementor-element elementor-element-f82920a elementor-list-item-link-inline elementor-icon-list--layout-traditional elementor-widget elementor-widget-icon-list\" data-id=\"f82920a\" data-element_type=\"widget\" data-e-type=\"widget\" data-widget_type=\"icon-list.default\">\n\t\t\t\t<div class=\"elementor-widget-container\">\n\t\t\t\t\t\t\t<ul class=\"elementor-icon-list-items\">\n\t\t\t\t\t\t\t<li class=\"elementor-icon-list-item\">\n\t\t\t\t\t\t\t\t\t\t\t<a href=\"tel:954212624\">\n\n\t\t\t\t\t\t\t\t\t\t\t\t<span class=\"elementor-icon-list-icon\">\n\t\t\t\t\t\t\t<i aria-hidden=\"true\" class=\"fas fa-phone-alt\"><\/i>\t\t\t\t\t\t<\/span>\n\t\t\t\t\t\t\t\t\t\t<span class=\"elementor-icon-list-text\">954 212 624<\/span>\n\t\t\t\t\t\t\t\t\t\t\t<\/a>\n\t\t\t\t\t\t\t\t\t<\/li>\n\t\t\t\t\t\t\t\t<li class=\"elementor-icon-list-item\">\n\t\t\t\t\t\t\t\t\t\t\t<a href=\"tel:661850555\">\n\n\t\t\t\t\t\t\t\t\t\t\t\t<span class=\"elementor-icon-list-icon\">\n\t\t\t\t\t\t\t<i aria-hidden=\"true\" class=\"fas fa-mobile-alt\"><\/i>\t\t\t\t\t\t<\/span>\n\t\t\t\t\t\t\t\t\t\t<span class=\"elementor-icon-list-text\">661 850 555<\/span>\n\t\t\t\t\t\t\t\t\t\t\t<\/a>\n\t\t\t\t\t\t\t\t\t<\/li>\n\t\t\t\t\t\t\t\t<li class=\"elementor-icon-list-item\">\n\t\t\t\t\t\t\t\t\t\t\t<a href=\"https:\/\/api.whatsapp.com\/send?phone=34661850555\" target=\"_blank\" rel=\"noopener\">\n\n\t\t\t\t\t\t\t\t\t\t\t\t<span class=\"elementor-icon-list-icon\">\n\t\t\t\t\t\t\t<i aria-hidden=\"true\" class=\"fab fa-whatsapp\"><\/i>\t\t\t\t\t\t<\/span>\n\t\t\t\t\t\t\t\t\t\t<span class=\"elementor-icon-list-text\">661 850 555<\/span>\n\t\t\t\t\t\t\t\t\t\t\t<\/a>\n\t\t\t\t\t\t\t\t\t<\/li>\n\t\t\t\t\t\t\t\t<li class=\"elementor-icon-list-item\">\n\t\t\t\t\t\t\t\t\t\t\t<a href=\"mailto:sm@workincompany.com\">\n\n\t\t\t\t\t\t\t\t\t\t\t\t<span class=\"elementor-icon-list-icon\">\n\t\t\t\t\t\t\t<i aria-hidden=\"true\" class=\"far fa-envelope\"><\/i>\t\t\t\t\t\t<\/span>\n\t\t\t\t\t\t\t\t\t\t<span class=\"elementor-icon-list-text\">sm@workincompany.com<\/span>\n\t\t\t\t\t\t\t\t\t\t\t<\/a>\n\t\t\t\t\t\t\t\t\t<\/li>\n\t\t\t\t\t\t\t\t<li class=\"elementor-icon-list-item\">\n\t\t\t\t\t\t\t\t\t\t\t<a href=\"https:\/\/www.google.com\/maps\/dir\/\/workINcompany+::+coworking+Sevilla,+C.+Rioja,+13,+1%C2%BAC,+41001+Sevilla\/@37.3908883,-5.9957038,15z\/data=!4m8!4m7!1m0!1m5!1m1!1s0xd126c1027934d73:0x954e671e9f6f9d6a!2m2!1d-5.9957038!2d37.3908883?entry=ttu\" target=\"_blank\" rel=\"noopener\">\n\n\t\t\t\t\t\t\t\t\t\t\t\t<span class=\"elementor-icon-list-icon\">\n\t\t\t\t\t\t\t<i aria-hidden=\"true\" class=\"fas fa-map-marker-alt\"><\/i>\t\t\t\t\t\t<\/span>\n\t\t\t\t\t\t\t\t\t\t<span class=\"elementor-icon-list-text\">Calle Rioja, 13 \u00b7 1\u00baC \u00b7 41001 \u00b7 Sevilla \u00b7 Sevilla<\/span>\n\t\t\t\t\t\t\t\t\t\t\t<\/a>\n\t\t\t\t\t\t\t\t\t<\/li>\n\t\t\t\t\t\t<\/ul>\n\t\t\t\t\t\t<\/div>\n\t\t\t\t<\/div>\n\t\t\t\t<div class=\"elementor-element elementor-element-08f9ce3 elementor-widget elementor-widget-heading\" data-id=\"08f9ce3\" data-element_type=\"widget\" data-e-type=\"widget\" data-widget_type=\"heading.default\">\n\t\t\t\t<div class=\"elementor-widget-container\">\n\t\t\t\t\t<span class=\"elementor-heading-title elementor-size-default\">You can also download our dossier and our rates<\/span>\t\t\t\t<\/div>\n\t\t\t\t<\/div>\n\t\t\t\t<div class=\"elementor-element elementor-element-4c75903 elementor-widget-mobile__width-inherit elementor-widget elementor-widget-heading\" data-id=\"4c75903\" data-element_type=\"widget\" data-e-type=\"widget\" data-widget_type=\"heading.default\">\n\t\t\t\t<div class=\"elementor-widget-container\">\n\t\t\t\t\t<span class=\"elementor-heading-title elementor-size-default\">In it you can find all the information and services that we can offer you.<\/span>\t\t\t\t<\/div>\n\t\t\t\t<\/div>\n\t\t\t\t<div class=\"elementor-element elementor-element-060dd88 elementor-widget elementor-widget-button\" data-id=\"060dd88\" data-element_type=\"widget\" data-e-type=\"widget\" data-widget_type=\"button.default\">\n\t\t\t\t<div class=\"elementor-widget-container\">\n\t\t\t\t\t\t\t\t\t<div class=\"elementor-button-wrapper\">\n\t\t\t\t\t<a class=\"elementor-button elementor-button-link elementor-size-sm\" href=\"https:\/\/workincompany.com\/wp-content\/uploads\/2023\/09\/dossier_wic_2023.pdf\" target=\"_blank\">\n\t\t\t\t\t\t<span class=\"elementor-button-content-wrapper\">\n\t\t\t\t\t\t<span class=\"elementor-button-icon\">\n\t\t\t\t<i aria-hidden=\"true\" class=\"far fa-file-pdf\"><\/i>\t\t\t<\/span>\n\t\t\t\t\t\t\t\t\t<span class=\"elementor-button-text\">Download dossier<\/span>\n\t\t\t\t\t<\/span>\n\t\t\t\t\t<\/a>\n\t\t\t\t<\/div>\n\t\t\t\t\t\t\t\t<\/div>\n\t\t\t\t<\/div>\n\t\t\t\t<div class=\"elementor-element elementor-element-dbeb85d elementor-widget elementor-widget-button\" data-id=\"dbeb85d\" data-element_type=\"widget\" data-e-type=\"widget\" data-widget_type=\"button.default\">\n\t\t\t\t<div class=\"elementor-widget-container\">\n\t\t\t\t\t\t\t\t\t<div class=\"elementor-button-wrapper\">\n\t\t\t\t\t<a class=\"elementor-button elementor-button-link elementor-size-sm\" href=\"https:\/\/workincompany.com\/wp-content\/uploads\/2023\/10\/tarifas_wic_actualizadas.pdf\" target=\"_blank\">\n\t\t\t\t\t\t<span class=\"elementor-button-content-wrapper\">\n\t\t\t\t\t\t<span class=\"elementor-button-icon\">\n\t\t\t\t<i aria-hidden=\"true\" class=\"far fa-file-pdf\"><\/i>\t\t\t<\/span>\n\t\t\t\t\t\t\t\t\t<span class=\"elementor-button-text\">Download rates<\/span>\n\t\t\t\t\t<\/span>\n\t\t\t\t\t<\/a>\n\t\t\t\t<\/div>\n\t\t\t\t\t\t\t\t<\/div>\n\t\t\t\t<\/div>\n\t\t\t\t<\/div>\n\t\t<div class=\"elementor-element elementor-element-8d83f23 e-con-full e-flex e-con e-child\" data-id=\"8d83f23\" data-element_type=\"container\" data-e-type=\"container\" data-settings=\"{&quot;background_background&quot;:&quot;classic&quot;}\">\n\t\t\t\t<div class=\"elementor-element elementor-element-d2a583f elementor-widget elementor-widget-jet-form-builder-form\" data-id=\"d2a583f\" data-element_type=\"widget\" data-e-type=\"widget\" data-widget_type=\"jet-form-builder-form.default\">\n\t\t\t\t<div class=\"elementor-widget-container\">\n\t\t\t\t\t<link rel='stylesheet' id='wp-block-library-css' href='https:\/\/workincompany.com\/wp-includes\/css\/dist\/block-library\/style.min.css?ver=6.9.4' media='all' \/>\n<style id=\"jet-form-builder-4143-inline-css\"><\/style><form  class=\"jet-form-builder layout-column submit-type-reload\" action=\"https:\/\/workincompany.com\/en\/wp-json\/wp\/v2\/pages\/3945\/?tixQKe=o2jciCJJXW&amp;method=reload\" method=\"POST\" data-form-id=\"4143\" data-layout=\"column\" enctype=\"multipart\/form-data\" novalidate=\"null\" ssr_validation_method=\"rest\">\r\n<input type=\"hidden\" name=\"_jfb_current_render_states[]\" value=\"DEFAULT.STATE\" data-jfb-sync \/><input type=\"hidden\" class=\"jet-form-builder__field hidden-field\" name=\"_jet_engine_booking_form_id\" data-field-name=\"_jet_engine_booking_form_id\" value=\"4143\">\n<input type=\"hidden\" class=\"jet-form-builder__field hidden-field\" name=\"_jet_engine_refer\" data-field-name=\"_jet_engine_refer\" value=\"https:\/\/workincompany.com\/en\/wp-json\/wp\/v2\/pages\/3945\/\">\n<input type=\"hidden\" class=\"jet-form-builder__field hidden-field\" name=\"__queried_post_id\" data-field-name=\"__queried_post_id\" value=\"3945\">\n\n\n<div  data-validation-type=\"advanced\" data-validation-rules=\"[{&quot;__visible&quot;:true,&quot;type&quot;:&quot;regexp&quot;,&quot;value&quot;:&quot;^$|^[a-zA-Z\u00e1\u00e9\u00ed\u00f3\u00fa\u00c1\u00c9\u00cd\u00d3\u00da\u00f1\u00d1\u00e4\u00eb\u00ef\u00f6\u00fc\u00c4\u00cb\u00cf\u00d6\u00dc\\\\s]+$&quot;,&quot;message&quot;:&quot;This field does not accept numbers or special characters.&quot;}]\" class=\"jet-form-builder-row field-type-text-field\" >\n<div class=\"jet-form-builder__field-wrap\">\n\t\t\t\t<input placeholder=\"Name *\" required=\"required\" name=\"nombre\" id=\"nombre\" type=\"text\" data-field-name=\"nombre\" class=\"jet-form-builder__field text-field\" data-jfb-sync=\"null\" autocomplete=\"off_2gGSkUo3\">\n\t\t\t\t\t<\/div>\n<\/div>\n\n<div  data-validation-type=\"advanced\" class=\"jet-form-builder-row field-type-text-field\" >\n<div class=\"jet-form-builder__field-wrap\">\n\t\t\t\t<input placeholder=\"Email *\" required=\"required\" name=\"email\" id=\"email\" type=\"email\" data-field-name=\"email\" class=\"jet-form-builder__field text-field\" data-jfb-sync=\"null\" autocomplete=\"off_14E28WiT\">\n\t\t\t\t\t<\/div>\n<\/div>\n\n\n<div class=\"wp-block-group is-layout-constrained wp-block-group-is-layout-constrained\">\n<div class=\"wp-block-group is-nowrap is-layout-flex wp-container-core-group-is-layout-6c531013 wp-block-group-is-layout-flex\"><div  class=\"jet-form-builder-row field-type-select-field wp-block-jet-forms-select-field\">\n<div class=\"jet-form-builder__field-wrap\">\n\t<select class=\"jet-form-builder__field select-field prefijo\" required=\"required\" name=\"prefijo\" data-field-name=\"prefijo\" id=\"prefijo\" data-jfb-sync=\"null\">\n\t\t<option value=\"\" disabled selected>Prefix *<\/option><option value=\"376\" >AD\t+376<\/option><option value=\"971\" >AE\t+971<\/option><option value=\"93\" >AF\t+93<\/option><option value=\"1-268\" >AG\t+1-268<\/option><option value=\"1264\" >AI\t+1-264<\/option><option value=\"355\" >AL\t+355<\/option><option value=\"374\" >AM\t+374<\/option><option value=\"244\" >AO\t+244<\/option><option value=\"672\" >AQ\t+672<\/option><option value=\"54\" >AR\t+54<\/option><option value=\"1-684\" >AS\t+1-684<\/option><option value=\"43\" >AT\t+43<\/option><option value=\"61\" >AU\t+61<\/option><option value=\"297\" >AW\t+297<\/option><option value=\"358-18\" >AX\t+358-18<\/option><option value=\"994\" >AZ\t+994<\/option><option value=\"387\" >BA\t+387<\/option><option value=\"1-246\" >BB\t+1-246<\/option><option value=\"880\" >BD\t+880<\/option><option value=\"32\" >BE\t+32<\/option><option value=\"226\" >BF\t+226<\/option><option value=\"359\" >BG\t+359<\/option><option value=\"973\" >BH\t+973<\/option><option value=\"257\" >BI\t+257<\/option><option value=\"229\" >BJ\t+229<\/option><option value=\"590\" >BL\t+590<\/option><option value=\"1-441\" >BM\t+1-441<\/option><option value=\"673\" >BN\t+673<\/option><option value=\"591\" >BO\t+591<\/option><option value=\"599\" >BQ\t+599<\/option><option value=\"55\" >BR\t+55<\/option><option value=\"1-242\" >BS\t+1-242<\/option><option value=\"975\" >BT\t+975<\/option><option value=\"47\" >BV\t+47<\/option><option value=\"267\" >BW\t+267<\/option><option value=\"375\" >BY\t+375<\/option><option value=\"501\" >BZ\t+501<\/option><option value=\"1\" >CA\t+1<\/option><option value=\"61\" >CC\t+61<\/option><option value=\"243\" >CD\t+243<\/option><option value=\"236\" >CF\t+236<\/option><option value=\"242\" >CG\t+242<\/option><option value=\"41\" >CH\t+41<\/option><option value=\"225\" >CI\t+225<\/option><option value=\"682\" >CK\t+682<\/option><option value=\"56\" >CL\t+56<\/option><option value=\"237\" >CM\t+237<\/option><option value=\"86\" >CN\t+86<\/option><option value=\"57\" >CO\t+57<\/option><option value=\"506\" >CR\t+506<\/option><option value=\"53\" >CU\t+53<\/option><option value=\"238\" >CV\t+238<\/option><option value=\"599\" >CW\t+599<\/option><option value=\"61\" >CX\t+61<\/option><option value=\"357\" >CY\t+357<\/option><option value=\"420\" >CZ\t+420<\/option><option value=\"49\" >DE\t+49<\/option><option value=\"253\" >DJ\t+253<\/option><option value=\"45\" >DK\t+45<\/option><option value=\"1-767\" >DM\t+1-767<\/option><option value=\"1-809, +1-829, +1-849\" >DO\t+1-809, +1-829, +1-849<\/option><option value=\"213\" >DZ\t+213<\/option><option value=\"593\" >EC\t+593<\/option><option value=\"372\" >EE\t+372<\/option><option value=\"20\" >EG\t+20<\/option><option value=\"212\" >EH\t+212<\/option><option value=\"291\" >ER\t+291<\/option><option value=\"34\" >ES\t+34<\/option><option value=\"251\" >ET\t+251<\/option><option value=\"358\" >FI\t+358<\/option><option value=\"679\" >FJ\t+679<\/option><option value=\"500\" >FK\t+500<\/option><option value=\"691\" >FM\t+691<\/option><option value=\"298\" >FO\t+298<\/option><option value=\"33\" >FR\t+33<\/option><option value=\"241\" >GA\t+241<\/option><option value=\"44\" >GB\t+44<\/option><option value=\"1-473\" >GD\t+1-473<\/option><option value=\"995\" >GE\t+995<\/option><option value=\"594\" >GF\t+594<\/option><option value=\"44-1481\" >GG\t+44-1481<\/option><option value=\"233\" >GH\t+233<\/option><option value=\"350\" >GI\t+350<\/option><option value=\"299\" >GL\t+299<\/option><option value=\"220\" >GM\t+220<\/option><option value=\"224\" >GN\t+224<\/option><option value=\"590\" >GP\t+590<\/option><option value=\"240\" >GQ\t+240<\/option><option value=\"30\" >GR\t+30<\/option><option value=\"500\" >GS\t+500<\/option><option value=\"502\" >GT\t+502<\/option><option value=\"1-671\" >GU\t+1-671<\/option><option value=\"245\" >GW\t+245<\/option><option value=\"592\" >GY\t+592<\/option><option value=\"852\" >HK\t+852<\/option><option value=\"672\" >HM\t+672<\/option><option value=\"504\" >HN\t+504<\/option><option value=\"385\" >HR\t+385<\/option><option value=\"509\" >HT\t+509<\/option><option value=\"36\" >HU\t+36<\/option><option value=\"62\" >ID\t+62<\/option><option value=\"353\" >IE\t+353<\/option><option value=\"972\" >IL\t+972<\/option><option value=\"44-1624\" >IM\t+44-1624<\/option><option value=\"91\" >IN\t+91<\/option><option value=\"246\" >IO\t+246<\/option><option value=\"964\" >IQ\t+964<\/option><option value=\"98\" >IR\t+98<\/option><option value=\"354\" >IS\t+354<\/option><option value=\"39\" >IT\t+39<\/option><option value=\"44-1534\" >JE\t+44-1534<\/option><option value=\"1-876\" >JM\t+1-876<\/option><option value=\"962\" >JO\t+962<\/option><option value=\"81\" >JP\t+81<\/option><option value=\"254\" >KE\t+254<\/option><option value=\"996\" >KG\t+996<\/option><option value=\"855\" >KH\t+855<\/option><option value=\"686\" >KI\t+686<\/option><option value=\"269\" >KM\t+269<\/option><option value=\"1-869\" >KN\t+1-869<\/option><option value=\"850\" >KP\t+850<\/option><option value=\"82\" >KR\t+82<\/option><option value=\"965\" >KW\t+965<\/option><option value=\"1-345\" >KY\t+1-345<\/option><option value=\"7\" >KZ\t+7<\/option><option value=\"856\" >LA\t+856<\/option><option value=\"961\" >LB\t+961<\/option><option value=\"1-758\" >LC\t+1-758<\/option><option value=\"423\" >LI\t+423<\/option><option value=\"94\" >LK\t+94<\/option><option value=\"231\" >LR\t+231<\/option><option value=\"266\" >LS\t+266<\/option><option value=\"370\" >LT\t+370<\/option><option value=\"352\" >LU\t+352<\/option><option value=\"371\" >LV\t+371<\/option><option value=\"218\" >LY\t+218<\/option><option value=\"212\" >MA\t+212<\/option><option value=\"377\" >MC\t+377<\/option><option value=\"373\" >MD\t+373<\/option><option value=\"382\" >ME\t+382<\/option><option value=\"590\" >MF\t+590<\/option><option value=\"261\" >MG\t+261<\/option><option value=\"692\" >MH\t+692<\/option><option value=\"389\" >MK\t+389<\/option><option value=\"223\" >ML\t+223<\/option><option value=\"95\" >MM\t+95<\/option><option value=\"976\" >MN\t+976<\/option><option value=\"853\" >MO\t+853<\/option><option value=\"1-670\" >MP\t+1-670<\/option><option value=\"596\" >MQ\t+596<\/option><option value=\"222\" >MR\t+222<\/option><option value=\"1-664\" >MS\t+1-664<\/option><option value=\"356\" >MT\t+356<\/option><option value=\"230\" >MU\t+230<\/option><option value=\"960\" >MV\t+960<\/option><option value=\"265\" >MW\t+265<\/option><option value=\"52\" >MX\t+52<\/option><option value=\"60\" >MY\t+60<\/option><option value=\"258\" >MZ\t+258<\/option><option value=\"264\" >NA\t+264<\/option><option value=\"687\" >NC\t+687<\/option><option value=\"227\" >NE\t+227<\/option><option value=\"672\" >NF\t+672<\/option><option value=\"234\" >NG\t+234<\/option><option value=\"505\" >NI\t+505<\/option><option value=\"31\" >NL\t+31<\/option><option value=\"47\" >NO\t+47<\/option><option value=\"977\" >NP\t+977<\/option><option value=\"674\" >NR\t+674<\/option><option value=\"683\" >NU\t+683<\/option><option value=\"64\" >NZ\t+64<\/option><option value=\"968\" >OM\t+968<\/option><option value=\"507\" >PA\t+507<\/option><option value=\"51\" >PE\t+51<\/option><option value=\"689\" >PF\t+689<\/option><option value=\"675\" >PG\t+675<\/option><option value=\"63\" >PH\t+63<\/option><option value=\"92\" >PK\t+92<\/option><option value=\"48\" >PL\t+48<\/option><option value=\"508\" >PM\t+508<\/option><option value=\"64\" >PN\t+64<\/option><option value=\"1-787, +1-939\" >PR\t+1-787, +1-939<\/option><option value=\"970\" >PS\t+970<\/option><option value=\"351\" >PT\t+351<\/option><option value=\"680\" >PW\t+680<\/option><option value=\"595\" >PY\t+595<\/option><option value=\"974\" >QA\t+974<\/option><option value=\"262\" >RE\t+262<\/option><option value=\"40\" >RO\t+40<\/option><option value=\"381\" >RS\t+381<\/option><option value=\"7\" >RU\t+7<\/option><option value=\"250\" >RW\t+250<\/option><option value=\"966\" >SA\t+966<\/option><option value=\"677\" >SB\t+677<\/option><option value=\"248\" >SC\t+248<\/option><option value=\"249\" >SD\t+249<\/option><option value=\"46\" >SE\t+46<\/option><option value=\"65\" >SG\t+65<\/option><option value=\"290\" >SH\t+290<\/option><option value=\"386\" >SI\t+386<\/option><option value=\"47\" >SJ\t+47<\/option><option value=\"421\" >SK\t+421<\/option><option value=\"232\" >SL\t+232<\/option><option value=\"378\" >SM\t+378<\/option><option value=\"221\" >SN\t+221<\/option><option value=\"252\" >SO\t+252<\/option><option value=\"597\" >SR\t+597<\/option><option value=\"211\" >SS\t+211<\/option><option value=\"239\" >ST\t+239<\/option><option value=\"503\" >SV\t+503<\/option><option value=\"1-721\" >SX\t+1-721<\/option><option value=\"963\" >SY\t+963<\/option><option value=\"268\" >SZ\t+268<\/option><option value=\"1-649\" >TC\t+1-649<\/option><option value=\"235\" >TD\t+235<\/option><option value=\"262\" >TF\t+262<\/option><option value=\"228\" >TG\t+228<\/option><option value=\"66\" >TH\t+66<\/option><option value=\"992\" >TJ\t+992<\/option><option value=\"690\" >TK\t+690<\/option><option value=\"670\" >TL\t+670<\/option><option value=\"993\" >TM\t+993<\/option><option value=\"216\" >TN\t+216<\/option><option value=\"676\" >TO\t+676<\/option><option value=\"90\" >TR\t+90<\/option><option value=\"1-868\" >TT\t+1-868<\/option><option value=\"688\" >TV\t+688<\/option><option value=\"886\" >TW\t+886<\/option><option value=\"255\" >TZ\t+255<\/option><option value=\"380\" >UA\t+380<\/option><option value=\"256\" >UG\t+256<\/option><option value=\"1\" >US\t+1<\/option><option value=\"598\" >UY\t+598<\/option><option value=\"998\" >UZ\t+998<\/option><option value=\"379\" >VA\t+379<\/option><option value=\"1-784\" >VC\t+1-784<\/option><option value=\"58\" >VE\t+58<\/option><option value=\"1-284\" >VG\t+1-284<\/option><option value=\"1-340\" >VI\t+1-340<\/option><option value=\"84\" >VN\t+84<\/option><option value=\"678\" >VU\t+678<\/option><option value=\"681\" >WF\t+681<\/option><option value=\"685\" >WS\t+685<\/option><option value=\"967\" >YE\t+967<\/option><option value=\"262\" >YT\t+262<\/option><option value=\"27\" >ZA\t+27<\/option><option value=\"260\" >ZM\t+260<\/option><option value=\"263\" >ZW\t+263<\/option>\t<\/select>\n<\/div>\n<\/div>\n\n<div  data-validation-type=\"advanced\" data-validation-rules=\"[{&quot;__visible&quot;:true,&quot;type&quot;:&quot;regexp&quot;,&quot;value&quot;:&quot;^\\\\d{9}$&quot;,&quot;message&quot;:&quot;This field only accepts numbers.&lt;br \\\/&gt;This field must be at least 9 digits long and you have only entered %this|length%.&quot;}]\" class=\"jet-form-builder-row field-type-text-field\" >\n<div class=\"jet-form-builder__field-wrap\">\n\t\t\t\t<input placeholder=\"Phone *\" required=\"required\" name=\"telefono\" id=\"telefono\" type=\"tel\" data-field-name=\"telefono\" class=\"jet-form-builder__field text-field\" data-jfb-sync=\"null\" autocomplete=\"off_5PEuNMGA\">\n\t\t\t\t\t<\/div>\n<\/div><\/div>\n<\/div>\n\n\n<div  data-validation-type=\"advanced\" data-validation-rules=\"[{&quot;__visible&quot;:true,&quot;type&quot;:&quot;regexp&quot;,&quot;value&quot;:&quot;^$|^[a-zA-Z1-9\u00e1\u00e9\u00ed\u00f3\u00fa\u00c1\u00c9\u00cd\u00d3\u00da\u00f1\u00d1\u00e4\u00eb\u00ef\u00f6\u00fc\u00c4\u00cb\u00cf\u00d6\u00dc.,\u00bf?\u00a1!\\\\s]+$&quot;,&quot;message&quot;:&quot;This field does not allow special characters.&quot;}]\" class=\"jet-form-builder-row field-type-textarea-field\" >\n<div class=\"jet-form-builder__field-wrap\">\n\t\t<textarea class=\"jet-form-builder__field textarea-field\" placeholder=\"How can we help you? *\" required=\"required\" name=\"mensaje\" data-field-name=\"mensaje\" id=\"mensaje\" data-jfb-sync=\"null\"><\/textarea>\n\t<\/div>\n<\/div>\n\n<div  class=\"jet-form-builder-row field-type-checkbox-field\" >\n<div class=\"jet-form-builder__fields-group checkradio-wrap\" data-jfb-sync><div class=\"jet-form-builder__field-wrap checkboxes-wrap checkradio-wrap\"><label class=\"jet-form-builder__field-label for-checkbox\">\n\t\t\t<input type=\"checkbox\" name=\"politica_privacidad\" value=\"s\u00ed\" data-field-name=\"politica_privacidad\"  class=\"jet-form-builder__field checkboxes-field checkradio-field\" required=\"required\"><span>I accept your&nbsp;<a href=\"https:\/\/workincompany.com\/en\/privacy-policy\/\" target=\"_blank\" title=\"privacy policy\">privacy policy<\/a>.<\/span><\/label><\/div><\/div>\n<\/div>\n\n<div class=\"jfb-visually-hidden\" tabindex=\"-1\"><div class=\"jet-form-builder__field-wrap\">\n\t\t\t\t<input name=\"_email\" id=\"_email\" type=\"email\" data-field-name=\"_email\" class=\"jet-form-builder__field text-field\" data-jfb-sync=\"null\" autocomplete=\"off_lpC0Tcn5\">\n\t\t\t\t\t<\/div><\/div><div  class=\"jet-form-builder-row field-type-submit-field\" >\n\t<div data-type=\"submit\" class=\"jet-form-builder__action-button-wrapper jet-form-builder__submit-wrap\">\n\t<button class=\"jet-form-builder__action-button jet-form-builder__submit submit-type-reload\" type=\"submit\">Send<\/button>\n\t<\/div>\n\t\n<\/div>\t<div class=\"jet-form-builder-messages-wrap\" data-form-id=\"4143\"><\/div>\n<\/form>\n\t\t\t\t<\/div>\n\t\t\t\t<\/div>\n\t\t\t\t<div class=\"elementor-element elementor-element-59a51a9 elementor-widget elementor-widget-html\" data-id=\"59a51a9\" data-element_type=\"widget\" data-e-type=\"widget\" data-widget_type=\"html.default\">\n\t\t\t\t<div class=\"elementor-widget-container\">\n\t\t\t\t\t\n    <script>jQuery(document).ready(function($) {\n            $('.custom-select').select2();\n        });\n    <\/script>\t\t\t\t<\/div>\n\t\t\t\t<\/div>\n\t\t\t\t<\/div>\n\t\t\t\t\t<\/div>\n\t\t\t\t<\/div>\n\t\t\t\t<\/div>\n\t\t","protected":false},"excerpt":{"rendered":"<p>Are you looking for a space where you can work in Seville? Do you have any doubt? Contact us 954 212 624 661 850 555 661 850 555 sm@workincompany.com Calle Rioja, 13 \u00b7 1\u00baC \u00b7 41001 \u00b7 Sevilla \u00b7 Sevilla You can also download our dossier and our rates In it you can find all [&hellip;]<\/p>\n","protected":false},"author":14,"featured_media":0,"parent":0,"menu_order":0,"comment_status":"closed","ping_status":"closed","template":"","meta":{"footnotes":""},"class_list":["post-3945","page","type-page","status-publish","hentry"],"_links":{"self":[{"href":"https:\/\/workincompany.com\/en\/wp-json\/wp\/v2\/pages\/3945","targetHints":{"allow":["GET"]}}],"collection":[{"href":"https:\/\/workincompany.com\/en\/wp-json\/wp\/v2\/pages"}],"about":[{"href":"https:\/\/workincompany.com\/en\/wp-json\/wp\/v2\/types\/page"}],"author":[{"embeddable":true,"href":"https:\/\/workincompany.com\/en\/wp-json\/wp\/v2\/users\/14"}],"replies":[{"embeddable":true,"href":"https:\/\/workincompany.com\/en\/wp-json\/wp\/v2\/comments?post=3945"}],"version-history":[{"count":10,"href":"https:\/\/workincompany.com\/en\/wp-json\/wp\/v2\/pages\/3945\/revisions"}],"predecessor-version":[{"id":4151,"href":"https:\/\/workincompany.com\/en\/wp-json\/wp\/v2\/pages\/3945\/revisions\/4151"}],"wp:attachment":[{"href":"https:\/\/workincompany.com\/en\/wp-json\/wp\/v2\/media?parent=3945"}],"curies":[{"name":"wp","href":"https:\/\/api.w.org\/{rel}","templated":true}]}}